{"id":279,"date":"2014-10-15T21:24:35","date_gmt":"2014-10-15T21:24:35","guid":{"rendered":"http:\/\/spassmusiker.de\/?page_id=279"},"modified":"2019-04-26T08:49:58","modified_gmt":"2019-04-26T08:49:58","slug":"die-rhoener-spassmusiker","status":"publish","type":"page","link":"http:\/\/spassmusiker.de\/","title":{"rendered":"Die Rh\u00f6ner Spa\u00dfmusiker"},"content":{"rendered":"<p>Jahreshauptversammlung vom 27.12. &#8211; 28.12.2019<br>Organisator &#8211; Spa\u00dfmusiker Django<\/p>\n\n\n<p><\/p>\n","protected":false},"excerpt":{"rendered":"<p>Jahreshauptversammlung vom 27.12. &#8211; 28.12.2019Organisator &#8211; Spa\u00dfmusiker Django<\/p>\n","protected":false},"author":1,"featured_media":0,"parent":0,"menu_order":0,"comment_status":"closed","ping_status":"closed","template":"","meta":{"ngg_post_thumbnail":0,"footnotes":""},"class_list":["post-279","page","type-page","status-publish","hentry"],"_links":{"self":[{"href":"http:\/\/spassmusiker.de\/index.php\/wp-json\/wp\/v2\/pages\/279","targetHints":{"allow":["GET"]}}],"collection":[{"href":"http:\/\/spassmusiker.de\/index.php\/wp-json\/wp\/v2\/pages"}],"about":[{"href":"http:\/\/spassmusiker.de\/index.php\/wp-json\/wp\/v2\/types\/page"}],"author":[{"embeddable":true,"href":"http:\/\/spassmusiker.de\/index.php\/wp-json\/wp\/v2\/users\/1"}],"replies":[{"embeddable":true,"href":"http:\/\/spassmusiker.de\/index.php\/wp-json\/wp\/v2\/comments?post=279"}],"version-history":[{"count":0,"href":"http:\/\/spassmusiker.de\/index.php\/wp-json\/wp\/v2\/pages\/279\/revisions"}],"wp:attachment":[{"href":"http:\/\/spassmusiker.de\/index.php\/wp-json\/wp\/v2\/media?parent=279"}],"curies":[{"name":"wp","href":"https:\/\/api.w.org\/{rel}","templated":true}]}}