{"id":86,"date":"2012-09-28T09:07:30","date_gmt":"2012-09-28T09:07:30","guid":{"rendered":"http:\/\/spassmusiker.de\/?page_id=86"},"modified":"2012-09-28T10:24:54","modified_gmt":"2012-09-28T10:24:54","slug":"linksammlung","status":"publish","type":"page","link":"http:\/\/spassmusiker.de\/index.php\/linksammlung\/","title":{"rendered":"Linksammlung"},"content":{"rendered":"<ul>\n<li>Unser <a title=\"Musikverein Steinau-Steinhaus e.V.\" href=\"http:\/\/www.mv-steinau-steinhaus.de\" target=\"_blank\">Musikverein Steinau-Steinhaus<\/a> e.V.<\/li>\n<li>Unser befreundete <a title=\"Blaskapelle Stockdorf\" href=\"http:\/\/blaskapelle-stockdorf.de\/\" target=\"_blank\">Blaskapelle aus Stockdorf<\/a> bei M\u00fcnchen.<\/li>\n<li>F\u00f6rderkreis <a title=\"F\u00f6rderkreis Arco Iris\" href=\"http:\/\/www.foerderkreis-arco-iris.de\/\" target=\"_blank\">Arco-Iris<\/a> aus Steinau.<\/li>\n<li>Die <a title=\"Blaskapelle Gloria\" href=\"http:\/\/www.blaskapelle-gloria.de\/\" target=\"_blank\">Blaskapelle Gloria<\/a> aus M\u00e4hren (die weltbeste Blasmusik!!!!!)<\/li>\n<li><a title=\"Christian Dux\" href=\"http:\/\/www.christiandux.de\/\" target=\"_blank\">&#8222;Magie erleben &#8230;!&#8220;<\/a> mit Christian Dux !!!<\/li>\n<li>Freiwillige <a title=\"Feuerwehr Steinau\" href=\"http:\/\/www.feuerwehr-steinau.de\" target=\"_blank\">Feuerwehr aus Steinau<\/a>.<\/li>\n<\/ul>\n","protected":false},"excerpt":{"rendered":"<p>Unser Musikverein Steinau-Steinhaus e.V. Unser befreundete Blaskapelle aus Stockdorf bei M\u00fcnchen. F\u00f6rderkreis Arco-Iris aus Steinau. Die Blaskapelle Gloria aus M\u00e4hren (die weltbeste Blasmusik!!!!!) &#8222;Magie erleben &#8230;!&#8220; mit Christian Dux !!! Freiwillige Feuerwehr aus Steinau.<\/p>\n","protected":false},"author":1,"featured_media":0,"parent":0,"menu_order":0,"comment_status":"closed","ping_status":"closed","template":"","meta":{"ngg_post_thumbnail":0,"footnotes":""},"class_list":["post-86","page","type-page","status-publish","hentry"],"_links":{"self":[{"href":"http:\/\/spassmusiker.de\/index.php\/wp-json\/wp\/v2\/pages\/86","targetHints":{"allow":["GET"]}}],"collection":[{"href":"http:\/\/spassmusiker.de\/index.php\/wp-json\/wp\/v2\/pages"}],"about":[{"href":"http:\/\/spassmusiker.de\/index.php\/wp-json\/wp\/v2\/types\/page"}],"author":[{"embeddable":true,"href":"http:\/\/spassmusiker.de\/index.php\/wp-json\/wp\/v2\/users\/1"}],"replies":[{"embeddable":true,"href":"http:\/\/spassmusiker.de\/index.php\/wp-json\/wp\/v2\/comments?post=86"}],"version-history":[{"count":0,"href":"http:\/\/spassmusiker.de\/index.php\/wp-json\/wp\/v2\/pages\/86\/revisions"}],"wp:attachment":[{"href":"http:\/\/spassmusiker.de\/index.php\/wp-json\/wp\/v2\/media?parent=86"}],"curies":[{"name":"wp","href":"https:\/\/api.w.org\/{rel}","templated":true}]}}